{"id":2297,"date":"2012-08-02T02:18:30","date_gmt":"2012-08-02T08:18:30","guid":{"rendered":"http:\/\/19.org\/?page_id=2297"},"modified":"2014-07-11T19:18:00","modified_gmt":"2014-07-12T01:18:00","slug":"bize-ulasin","status":"publish","type":"page","link":"https:\/\/19.org\/tr\/organizasyon\/bize-ulasin\/","title":{"rendered":"Bize Ula\u015f\u0131n"},"content":{"rendered":"<p><strong>A\u015fa\u011f\u0131daki d\u00f6rt email adreslerinden biri yoluyla bize ula\u015fabilirsiniz. Asl\u0131nda \u00e7ok kolay. Hem de be\u015f \u015fans tan\u0131n\u0131yor size. E\u011fer buradaki ipu\u00e7lar\u0131ndan email adresimi bulam\u0131yorsan\u0131z \u00a0&#8220;do\u011fal&#8221; olmasa da &#8220;entelekt\u00fcel seleksiyon&#8221; ile ileti\u015fimi hakketmemi\u015f oluyorsunuz \ud83d\ude42<\/strong><\/p>\n<p>Bu durumda umudunuzu kesmeyin. Sitedeki 19 AYET\u0130 kategorisindeki makaleleri okumaya ba\u015flay\u0131n\u0131z. Oradan \u00f6\u011frendiklerinizle tekrar buraya u\u011fray\u0131n.<\/p>\n<p>[Kuran&#8217;\u0131n ilk ayetindeki harflerin say\u0131s\u0131]<span style=\"font-size: large;\"><strong><span style=\"color: #ff0000;\">@<\/span><\/strong><\/span>[Sure say\u0131lar\u0131n\u0131n en b\u00fcy\u00fck asal fakt\u00f6r\u00fc].org<\/p>\n<p>[Gizlenen adl\u0131 Surede tart\u0131\u015f\u0131lan say\u0131n\u0131n fonksiyonun ke\u015ffedildi\u011fi tarihin ilk iki rakam\u0131]<span style=\"font-size: large;\"><strong><span style=\"color: #ff0000;\">@<\/span><\/strong><\/span>[Allah&#8217;\u0131n WaHiD, yani TEK, isminin Ebjecd de\u011feri].org<\/p>\n<p>[Besmele&#8217;deki d\u00f6rt kelimenin Kuran&#8217;daki numaral\u0131 ayetlerdeki tekrarlanma say\u0131lar\u0131n\u0131n ortak asal paydas]<span style=\"font-size: large;\"><strong><span style=\"color: #ff0000;\">@<\/span><\/strong><\/span>[Kuran&#8217;da kay\u0131p\u00a0Besmele\u00a0ile fazla\u00a0Besmele aras\u0131nda ge\u00e7en surelerin say\u0131s\u0131].org<\/p>\n<p>[Beynimize yarat\u0131l\u0131\u015ftan yerle\u015ftirilen mant\u0131k kurallar\u0131n\u0131n say\u0131s\u0131]<span style=\"color: #ff0000; font-size: large;\"><strong>@<\/strong><\/span>[Onbirinci y\u00fczy\u0131lda \u0130branice Tevratta bulunam kod].org<\/p>\n<p>[M\u00fc\u015friklerin kendisinden allerji duyup zebralar gibi ka\u00e7t\u0131\u011f\u0131 say\u0131]<strong><span style=\"color: #ff0000; font-size: large;\">@<\/span><\/strong>[\u0130nkarc\u0131 ve ikiy\u00fczl\u00fcler i\u00e7in fitne olan say\u0131].org<\/p>\n<p>&nbsp;<\/p>\n<p><strong>\u0130slami Reform hareketinin eylemleri, konferanslar\u0131 hakk\u0131nda bilgi almak i\u00e7in a\u015fa\u011f\u0131daki <span style=\"color: #ff0000;\">Twitter <\/span>adreslerine abone olunuz:<\/strong><\/p>\n<p>T\u00dcRK\u00c7E: @edipyuksel<br \/>\n\u0130NG\u0130L\u0130ZCE: @19org<\/p>\n","protected":false},"excerpt":{"rendered":"<p>A\u015fa\u011f\u0131daki d\u00f6rt email adreslerinden biri yoluyla bize ula\u015fabilirsiniz. Asl\u0131nda \u00e7ok kolay. Hem de be\u015f \u015fans tan\u0131n\u0131yor size. E\u011fer buradaki ipu\u00e7lar\u0131ndan email adresimi bulam\u0131yorsan\u0131z \u00a0&#8220;do\u011fal&#8221; olmasa da &#8220;entelekt\u00fcel seleksiyon&#8221; ile ileti\u015fimi hakketmemi\u015f oluyorsunuz \ud83d\ude42 Bu durumda umudunuzu kesmeyin. Sitedeki 19 AYET\u0130 kategorisindeki makaleleri okumaya ba\u015flay\u0131n\u0131z. Oradan \u00f6\u011frendiklerinizle tekrar buraya u\u011fray\u0131n. [Kuran&#8217;\u0131n ilk ayetindeki harflerin say\u0131s\u0131]@[Sure say\u0131lar\u0131n\u0131n &#8230;<\/p>\n<p><a href=\"https:\/\/19.org\/tr\/organizasyon\/bize-ulasin\/\" class=\"more-link\">Continue reading &lsquo;Bize Ula\u015f\u0131n&rsquo; &raquo;<\/a><\/p>\n","protected":false},"author":1,"featured_media":0,"parent":26,"menu_order":2000,"comment_status":"closed","ping_status":"closed","template":"","meta":{"_acf_changed":false,"_monsterinsights_skip_tracking":false,"_monsterinsights_sitenote_active":false,"_monsterinsights_sitenote_note":"","_monsterinsights_sitenote_category":0,"footnotes":""},"class_list":["post-2297","page","type-page","status-publish","hentry"],"acf":[],"_links":{"self":[{"href":"https:\/\/19.org\/tr\/wp-json\/wp\/v2\/pages\/2297","targetHints":{"allow":["GET"]}}],"collection":[{"href":"https:\/\/19.org\/tr\/wp-json\/wp\/v2\/pages"}],"about":[{"href":"https:\/\/19.org\/tr\/wp-json\/wp\/v2\/types\/page"}],"author":[{"embeddable":true,"href":"https:\/\/19.org\/tr\/wp-json\/wp\/v2\/users\/1"}],"replies":[{"embeddable":true,"href":"https:\/\/19.org\/tr\/wp-json\/wp\/v2\/comments?post=2297"}],"version-history":[{"count":3,"href":"https:\/\/19.org\/tr\/wp-json\/wp\/v2\/pages\/2297\/revisions"}],"predecessor-version":[{"id":6852,"href":"https:\/\/19.org\/tr\/wp-json\/wp\/v2\/pages\/2297\/revisions\/6852"}],"up":[{"embeddable":true,"href":"https:\/\/19.org\/tr\/wp-json\/wp\/v2\/pages\/26"}],"wp:attachment":[{"href":"https:\/\/19.org\/tr\/wp-json\/wp\/v2\/media?parent=2297"}],"curies":[{"name":"wp","href":"https:\/\/api.w.org\/{rel}","templated":true}]}}