{"id":2346,"date":"2012-08-03T08:44:47","date_gmt":"2012-08-03T14:44:47","guid":{"rendered":"http:\/\/19.org\/?page_id=2346"},"modified":"2017-02-17T23:09:48","modified_gmt":"2017-02-18T05:09:48","slug":"indir","status":"publish","type":"page","link":"https:\/\/19.org\/tr\/indir\/","title":{"rendered":"\u0130ndir"},"content":{"rendered":"<p style=\"line-height: normal; text-align: center;\"><strong><span style=\"font-size: xx-large;\">\u0130slami Reform i\u00e7in Manifesto<\/span><\/strong><br \/>\nPDF oarak a\u00e7mak ve indirmek i\u00e7in Kapa\u011f\u0131n \u00fcz\u00fcrene t\u0131klay\u0131n\u0131z<\/p>\n<p style=\"text-align: center;\"><span style=\"font-size: small; color: #ff0000;\"><span style=\"color: #ff0000;\"><a href=\"http:\/\/19.org\/wp-content\/uploads\/2012\/08\/Manifesto-Turkce-pdf.pdf\" target=\"_blank\">Manifesto Turkce pdf<\/a><\/span><\/span><\/p>\n<p style=\"text-align: center;\"><a href=\"http:\/\/19.org\/wp-content\/uploads\/2012\/08\/Manifesto-Turkce-pdf.pdf\"><img fetchpriority=\"high\" decoding=\"async\" class=\"aligncenter wp-image-7270 size-full\" src=\"http:\/\/19.org\/tr\/wp-content\/uploads\/sites\/2\/2012\/08\/Islami-Reform-icin-Manifesto-Edip-Y\u00fcksel.gif\" alt=\"Islami Reform icin Manifesto - Edip Y\u00fcksel\" width=\"385\" height=\"553\" \/><\/a><\/p>\n<h1 style=\"text-align: center;\">Dinometre veya Mezhebometre<\/h1>\n<p style=\"text-align: center;\">\u0130lk olarak 3 \u2013 5 Kas\u0131m 2008 tarihlerinde<br \/>\nOxford \u00dcniversitesindeki\u00a0konferans\u0131ma gelen kat\u0131l\u0131mc\u0131lar \u00fczerinde uygulanm\u0131\u015ft\u0131r.<\/p>\n<p style=\"font-size: xx-large; line-height: normal; text-align: center;\"><a href=\"http:\/\/19.org\/tr\/wp-content\/uploads\/sites\/2\/2012\/08\/Dinometre-veya-Mezhebometre-2.pdf\"><img decoding=\"async\" class=\"aligncenter size-full wp-image-6911\" src=\"http:\/\/19.org\/tr\/wp-content\/uploads\/sites\/2\/2012\/08\/2014-06-18-Mezhep-sava\u015f\u0131.jpg\" alt=\"2014-06-18 Mezhep sava\u015f\u0131\" width=\"320\" height=\"452\" srcset=\"https:\/\/19.org\/tr\/wp-content\/uploads\/sites\/2\/2012\/08\/2014-06-18-Mezhep-sava\u015f\u0131.jpg 320w, https:\/\/19.org\/tr\/wp-content\/uploads\/sites\/2\/2012\/08\/2014-06-18-Mezhep-sava\u015f\u0131-106x150.jpg 106w, https:\/\/19.org\/tr\/wp-content\/uploads\/sites\/2\/2012\/08\/2014-06-18-Mezhep-sava\u015f\u0131-212x300.jpg 212w\" sizes=\"(max-width: 320px) 100vw, 320px\" \/><\/a><\/p>\n<p style=\"text-align: center;\"><a href=\"http:\/\/19.org\/tr\/wp-content\/uploads\/sites\/2\/2012\/08\/Dinometre-veya-Mezhebometre-2.pdf\">Dinometre veya Mezhebometre\u00a0<\/a>PDF<\/p>\n<p style=\"font-size: xx-large; line-height: normal; text-align: center;\"><span style=\"font-size: xx-large;\">Zikra-1974<\/span><br \/>\n<span style=\"font-size: small;\">Kuran&#8217;\u0131n ayet ve surelerindeki harfleri saymak i\u00e7in<\/span><br \/>\n<span style=\"font-size: small;\">\u00a0Program\u0131 indirmek i\u00e7in resme t\u0131klay\u0131n\u0131z (20 KB)<\/span><\/p>\n<p style=\"font-size: xx-large; line-height: normal; text-align: center;\"><a href=\"http:\/\/19.org\/wp-content\/uploads\/2012\/08\/Zikra-1974.rar\" target=\"_blank\"><img decoding=\"async\" class=\"aligncenter size-full wp-image-1554\" title=\"19-1\" src=\"http:\/\/19.org\/wp-content\/uploads\/2012\/05\/19-1.jpg\" alt=\"\" width=\"236\" height=\"236\" srcset=\"https:\/\/19.org\/tr\/wp-content\/uploads\/sites\/2\/2012\/05\/19-1.jpg 236w, https:\/\/19.org\/tr\/wp-content\/uploads\/sites\/2\/2012\/05\/19-1-150x150.jpg 150w\" sizes=\"(max-width: 236px) 100vw, 236px\" \/><\/a><\/p>\n<p style=\"font-size: xx-large; line-height: normal; text-align: center;\"><a href=\"http:\/\/19.org\/wp-content\/uploads\/2012\/08\/Zikra-1974.rar\" target=\"_blank\"><span style=\"font-size: small;\">Zikra-1974<\/span><\/a><\/p>\n<p style=\"font-size: xx-large; line-height: normal; text-align: center;\"><strong>Uzun Say\u0131 Hesap Makinas\u0131<br \/>\n<\/strong><span style=\"font-size: small;\">\u00d6zellikle uzuuuuuuuuuuuuuuuuuuuuuun saylar\u0131 19&#8217;a b\u00f6lmek i\u00e7in.<\/span><span style=\"font-size: small;\"><br \/>\n<\/span><span style=\"font-size: small;\">Program\u0131 indirmek i\u00e7in resme t\u0131klay\u0131n\u0131z (10 KB)<\/span><\/p>\n<p style=\"line-height: normal; text-align: center;\"><a href=\"http:\/\/19.org\/wp-content\/uploads\/2012\/08\/BigNumberCalculator.rar\" target=\"_blank\"><img loading=\"lazy\" decoding=\"async\" class=\"aligncenter wp-image-2468\" title=\"Calculator\" src=\"http:\/\/19.org\/wp-content\/uploads\/2012\/05\/Calculator.png\" alt=\"\" width=\"366\" height=\"226\" srcset=\"https:\/\/19.org\/tr\/wp-content\/uploads\/sites\/2\/2012\/05\/Calculator.png 762w, https:\/\/19.org\/tr\/wp-content\/uploads\/sites\/2\/2012\/05\/Calculator-150x92.png 150w, https:\/\/19.org\/tr\/wp-content\/uploads\/sites\/2\/2012\/05\/Calculator-300x185.png 300w\" sizes=\"(max-width: 366px) 100vw, 366px\" \/><\/a><\/p>\n<p style=\"line-height: normal; text-align: center;\"><a href=\"http:\/\/19.org\/wp-content\/uploads\/2012\/08\/BigNumberCalculator.rar\" target=\"_blank\">BigNumberCalculator<\/a><\/p>\n<h1 style=\"line-height: normal; text-align: center;\"><strong>Rakamlanm\u0131\u015f Kitap<\/strong><\/h1>\n<p style=\"line-height: normal; text-align: center;\"><strong>Kuran&#8217;\u0131n Arap\u00e7a Metni<\/strong><\/p>\n<p style=\"line-height: normal; text-align: center;\"><a href=\"http:\/\/19.org\/tr\/wp-content\/uploads\/sites\/2\/2012\/08\/19-1.jpg\"><img loading=\"lazy\" decoding=\"async\" class=\"aligncenter size-full wp-image-7273\" src=\"http:\/\/19.org\/tr\/wp-content\/uploads\/sites\/2\/2012\/08\/19-1.jpg\" alt=\"19-1\" width=\"236\" height=\"236\" srcset=\"https:\/\/19.org\/tr\/wp-content\/uploads\/sites\/2\/2012\/08\/19-1.jpg 236w, https:\/\/19.org\/tr\/wp-content\/uploads\/sites\/2\/2012\/08\/19-1-150x150.jpg 150w, https:\/\/19.org\/tr\/wp-content\/uploads\/sites\/2\/2012\/08\/19-1-200x200.jpg 200w\" sizes=\"(max-width: 236px) 100vw, 236px\" \/><\/a><\/p>\n<p style=\"line-height: normal; text-align: center;\">B\u00fcy\u00fck bir dosya oldu\u011fu i\u00e7in buras\u0131 kabul etmedi.<\/p>\n<p style=\"line-height: normal; text-align: center;\">Google Drive&#8217;e ekledim. Gmail adresiniz varsa indirebilirsiniz.<\/p>\n<h1 style=\"line-height: normal; text-align: center;\"><strong>\u015eirkle \u0130lgili AYETLER ve NOTLAR<\/strong><\/h1>\n<p><a href=\"http:\/\/19.org\/tr\/wp-content\/uploads\/sites\/2\/2012\/08\/kimseye-murit-ve-reaya-olma.pdf\"><img loading=\"lazy\" decoding=\"async\" class=\"alignnone wp-image-7450 size-full\" src=\"http:\/\/19.org\/tr\/wp-content\/uploads\/sites\/2\/2012\/08\/018110-Muhammed-sizin-gibi-bir-be\u015fer-\u015firk.jpg\" width=\"1447\" height=\"521\" srcset=\"https:\/\/19.org\/tr\/wp-content\/uploads\/sites\/2\/2012\/08\/018110-Muhammed-sizin-gibi-bir-be\u015fer-\u015firk.jpg 1447w, https:\/\/19.org\/tr\/wp-content\/uploads\/sites\/2\/2012\/08\/018110-Muhammed-sizin-gibi-bir-be\u015fer-\u015firk-150x54.jpg 150w, https:\/\/19.org\/tr\/wp-content\/uploads\/sites\/2\/2012\/08\/018110-Muhammed-sizin-gibi-bir-be\u015fer-\u015firk-300x108.jpg 300w, https:\/\/19.org\/tr\/wp-content\/uploads\/sites\/2\/2012\/08\/018110-Muhammed-sizin-gibi-bir-be\u015fer-\u015firk-768x277.jpg 768w, https:\/\/19.org\/tr\/wp-content\/uploads\/sites\/2\/2012\/08\/018110-Muhammed-sizin-gibi-bir-be\u015fer-\u015firk-730x263.jpg 730w\" sizes=\"(max-width: 1447px) 100vw, 1447px\" \/><\/a><\/p>\n<p style=\"text-align: center;\"><a href=\"http:\/\/19.org\/tr\/wp-content\/uploads\/sites\/2\/2012\/08\/kimseye-murit-ve-reaya-olma.pdf\">kimseye murit ve reaya olma<\/a><\/p>\n","protected":false},"excerpt":{"rendered":"<p>\u0130slami Reform i\u00e7in Manifesto PDF oarak a\u00e7mak ve indirmek i\u00e7in Kapa\u011f\u0131n \u00fcz\u00fcrene t\u0131klay\u0131n\u0131z Manifesto Turkce pdf Dinometre veya Mezhebometre \u0130lk olarak 3 \u2013 5 Kas\u0131m 2008 tarihlerinde Oxford \u00dcniversitesindeki\u00a0konferans\u0131ma gelen kat\u0131l\u0131mc\u0131lar \u00fczerinde uygulanm\u0131\u015ft\u0131r. Dinometre veya Mezhebometre\u00a0PDF Zikra-1974 Kuran&#8217;\u0131n ayet ve surelerindeki harfleri saymak i\u00e7in \u00a0Program\u0131 indirmek i\u00e7in resme t\u0131klay\u0131n\u0131z (20 KB) Zikra-1974 Uzun Say\u0131 Hesap &#8230;<\/p>\n<p><a href=\"https:\/\/19.org\/tr\/indir\/\" class=\"more-link\">Continue reading &lsquo;\u0130ndir&rsquo; &raquo;<\/a><\/p>\n","protected":false},"author":1,"featured_media":0,"parent":0,"menu_order":3000,"comment_status":"closed","ping_status":"closed","template":"","meta":{"_acf_changed":false,"_monsterinsights_skip_tracking":false,"_monsterinsights_sitenote_active":false,"_monsterinsights_sitenote_note":"","_monsterinsights_sitenote_category":0,"footnotes":""},"class_list":["post-2346","page","type-page","status-publish","hentry"],"acf":[],"_links":{"self":[{"href":"https:\/\/19.org\/tr\/wp-json\/wp\/v2\/pages\/2346","targetHints":{"allow":["GET"]}}],"collection":[{"href":"https:\/\/19.org\/tr\/wp-json\/wp\/v2\/pages"}],"about":[{"href":"https:\/\/19.org\/tr\/wp-json\/wp\/v2\/types\/page"}],"author":[{"embeddable":true,"href":"https:\/\/19.org\/tr\/wp-json\/wp\/v2\/users\/1"}],"replies":[{"embeddable":true,"href":"https:\/\/19.org\/tr\/wp-json\/wp\/v2\/comments?post=2346"}],"version-history":[{"count":6,"href":"https:\/\/19.org\/tr\/wp-json\/wp\/v2\/pages\/2346\/revisions"}],"predecessor-version":[{"id":7456,"href":"https:\/\/19.org\/tr\/wp-json\/wp\/v2\/pages\/2346\/revisions\/7456"}],"wp:attachment":[{"href":"https:\/\/19.org\/tr\/wp-json\/wp\/v2\/media?parent=2346"}],"curies":[{"name":"wp","href":"https:\/\/api.w.org\/{rel}","templated":true}]}}