{"id":6345,"date":"2013-12-22T07:53:59","date_gmt":"2013-12-22T13:53:59","guid":{"rendered":"http:\/\/19.org\/?page_id=6345"},"modified":"2014-06-28T15:36:44","modified_gmt":"2014-06-28T21:36:44","slug":"114-hareketi-kayit","status":"publish","type":"page","link":"https:\/\/19.org\/tr\/114-hareketi-kayit\/","title":{"rendered":"114 Hareketi Kay\u0131t"},"content":{"rendered":"<div class=\"wrap pdb-signup pdb-instance-2\" >\n\n    <form method=\"post\" enctype=\"multipart\/form-data\"  autocomplete=\"off\" action=\"\/tr\/wp-json\/wp\/v2\/pages\/6345\" ><input name=\"action\" type=\"hidden\" value=\"signup\" \/>\n\n<input name=\"subsource\" type=\"hidden\" value=\"participants-database\" \/>\n\n<input name=\"shortcode_page\" type=\"hidden\" value=\"\/tr\/wp-json\/wp\/v2\/pages\/6345\" \/>\n\n<input name=\"thanks_page\" type=\"hidden\" value=\"\/tr\/wp-json\/wp\/v2\/pages\/6345\" \/>\n\n<input name=\"instance_index\" type=\"hidden\" value=\"2\" \/>\n\n<input name=\"pdb_data_keys\" type=\"hidden\" value=\"86.8.9.26.29.30.80.81.32.34.82.35.87.38.83.51.73.84.85.88.11.13\" \/>\n\n<input name=\"session_hash\" type=\"hidden\" value=\"a9387a00ab\" \/>\n\n    <table class=\"form-table pdb-signup\">\n\n      \n      <tbody class=\"field-group field-group-main\">\n        \n                <tr class=\"signup-group\">\n          <td colspan=\"2\">\n            \n            <h3 class=\"pdb-group-title\">Bilgileriniz<\/h3>            <p class=\"pdb-group-description\">Ger\u00e7e\u011fi onaylay\u0131p g\u00fcvenenler! \r\nBa\u015farmak i\u00e7in, g\u00fc\u00e7l\u00fcklere kar\u015f\u0131 tek tek direnin, \r\ntopluca direnin, birlik olun ve Allah'\u0131 dinleyin. (3:200)\r\nKritik ve yarat\u0131c\u0131 d\u00fc\u015f\u00fcnmeyi, tevhidi \u00f6zg\u00fcrl\u00fc\u011f\u00fc, \r\nbar\u0131\u015f\u0131, adaleti ve erdemli eylemleri desteklemek ve \r\nbar\u0131\u015f yurdunu ger\u00e7ekle\u015ftirmek amac\u0131yla tart\u0131\u015fma ve \r\nreform \u00e7al\u0131\u015fmalar\u0131na kat\u0131lacak arkada\u015flar\u0131 tan\u0131mak\/tan\u0131\u015ft\u0131rmak i\u00e7in anket:\r\n<\/p>\n          <\/td>\n        <\/tr>\n        \n        \n        <tr class=\"text-line ad_soyad-input-group\">\n\n          <th for=\"pdb-ad_soyad-2\">Ad\u0131n\u0131z Soyad\u0131n\u0131z<span class=\"reqd\">*<\/span><\/th>\n\n          <td>\n\n            <input name=\"ad_soyad\" id=\"pdb-ad_soyad-2\" class=\"required-field regular-text\" type=\"text\" value=\"\" \/>\n\n                        <span class=\"helptext\">\u0130lk harfleri b\u00fcy\u00fck harf olsun.<\/span>\n                        \n          <\/td>\n\n        <\/tr>\n  \n        \n        <tr class=\"text-line phone-input-group\">\n\n          <th for=\"pdb-phone-2\">Telefon<span class=\"reqd\">*<\/span><\/th>\n\n          <td>\n\n            <input name=\"phone\" id=\"pdb-phone-2\" class=\"required-field regular-text\" type=\"text\" value=\"\" \/>\n\n                        <span class=\"helptext\">L\u00dcTFEN formata uygun yaz\u0131n\u0131z. \u00dclkeKodu-Telefon. Format \u00f6rne\u011fi AYNEN: 90-5360723819 veya 90-5322066055 veya 41-799497939 veya 1-5204811919<\/span>\n                        \n          <\/td>\n\n        <\/tr>\n  \n        \n        <tr class=\"text-line email-input-group\">\n\n          <th for=\"pdb-email-2\">E-posta<span class=\"reqd\">*<\/span><\/th>\n\n          <td>\n\n            <input name=\"email\" id=\"pdb-email-2\" class=\"required-field regular-text\" type=\"text\" value=\"\" \/>\n\n                        <span class=\"helptext\">Gmail tercih edilir. S\u0131rr\u0131n\u0131 merak edin \ud83d\ude42<\/span>\n                        \n          <\/td>\n\n        <\/tr>\n  \n        \n        <tr class=\"text-line website-input-group\">\n\n          <th for=\"pdb-website-2\">Size ait websitesi<\/th>\n\n          <td>\n\n            <input name=\"website\" id=\"pdb-website-2\" class=\" regular-text\" type=\"text\" value=\"\" \/>\n\n                        <span class=\"helptext\">L\u00fctfen ba\u015f\u0131na http:\/\/ yaz\u0131n\u0131z.<\/span>\n                        \n          <\/td>\n\n        <\/tr>\n  \n        \n        <tr class=\"dropdown dogum_tarihi-input-group\">\n\n          <th for=\"pdb-dogum_tarihi-2\">Do\u011fum y\u0131l\u0131n\u0131z<span class=\"reqd\">*<\/span><\/th>\n\n          <td>\n\n            <select name=\"dogum_tarihi\" id=\"pdb-dogum_tarihi-2\" class=\"required-field\">\n<option value=\"\" selected=\"selected\">&nbsp;<\/option>\n<option value=\"2000\">2000<\/option>\n<option value=\"1999\">1999<\/option>\n<option value=\"1998\">1998<\/option>\n<option value=\"1997\">1997<\/option>\n<option value=\"1996\">1996<\/option>\n<option value=\"1995\">1995<\/option>\n<option value=\"1994\">1994<\/option>\n<option value=\"1993\">1993<\/option>\n<option value=\"1992\">1992<\/option>\n<option value=\"1991\">1991<\/option>\n<option value=\"1990\">1990<\/option>\n<option value=\"1989\">1989<\/option>\n<option value=\"1988\">1988<\/option>\n<option value=\"1987\">1987<\/option>\n<option value=\"1986\">1986<\/option>\n<option value=\"1985\">1985<\/option>\n<option value=\"1984\">1984<\/option>\n<option value=\"1983\">1983<\/option>\n<option value=\"1982\">1982<\/option>\n<option value=\"1981\">1981<\/option>\n<option value=\"1980\">1980<\/option>\n<option value=\"1979\">1979<\/option>\n<option value=\"1978\">1978<\/option>\n<option value=\"1977\">1977<\/option>\n<option value=\"1976\">1976<\/option>\n<option value=\"1975\">1975<\/option>\n<option value=\"1974\">1974<\/option>\n<option value=\"1973\">1973<\/option>\n<option value=\"1972\">1972<\/option>\n<option value=\"1971\">1971<\/option>\n<option value=\"1970\">1970<\/option>\n<option value=\"1969\">1969<\/option>\n<option value=\"1968\">1968<\/option>\n<option value=\"1967\">1967<\/option>\n<option value=\"1966\">1966<\/option>\n<option value=\"1965\">1965<\/option>\n<option value=\"1964\">1964<\/option>\n<option value=\"1963\">1963<\/option>\n<option value=\"1962\">1962<\/option>\n<option value=\"1961\">1961<\/option>\n<option value=\"1960\">1960<\/option>\n<option value=\"1959\">1959<\/option>\n<option value=\"1958\">1958<\/option>\n<option value=\"1957\">1957<\/option>\n<option value=\"1956\">1956<\/option>\n<option value=\"1955\">1955<\/option>\n<option value=\"1954\">1954<\/option>\n<option value=\"1953\">1953<\/option>\n<option value=\"1952\">1952<\/option>\n<option value=\"1951\">1951<\/option>\n<option value=\"1950\">1950<\/option>\n<option value=\"1949\">1949<\/option>\n<option value=\"1948\">1948<\/option>\n<option value=\"1947\">1947<\/option>\n<option value=\"1946\">1946<\/option>\n<option value=\"1945\">1945<\/option>\n<option value=\"1944\">1944<\/option>\n<option value=\"1943\">1943<\/option>\n<option value=\"1942\">1942<\/option>\n<option value=\"1941\">1941<\/option>\n<option value=\"1940\">1940<\/option>\n<option value=\"1939\">1939<\/option>\n<option value=\"1938\">1938<\/option>\n<option value=\"1937\">1937<\/option>\n<option value=\"1936\">1936<\/option>\n<option value=\"1935\">1935<\/option>\n<option value=\"1934\">1934<\/option>\n<option value=\"1933\">1933<\/option>\n<option value=\"1932\">1932<\/option>\n<option value=\"1931\">1931<\/option>\n<option value=\"1930\">1930<\/option>\n<option value=\"1929\">1929<\/option>\n<option value=\"1928\">1928<\/option>\n<option value=\"1927\">1927<\/option>\n<option value=\"1926\">1926<\/option>\n<option value=\"1925\">1925<\/option>\n<option value=\"1924\">1924<\/option>\n<option value=\"1923\">1923<\/option>\n<option value=\"1922\">1922<\/option>\n<option value=\"1921\">1921<\/option>\n<option value=\"1920\">1920<\/option>\n<option value=\"1919\">1919<\/option>\n<\/select>\n\n                        \n          <\/td>\n\n        <\/tr>\n  \n        \n        <tr class=\"text-line dogum_yeri-input-group\">\n\n          <th for=\"pdb-dogum_yeri-2\">Do\u011fum yeri<span class=\"reqd\">*<\/span><\/th>\n\n          <td>\n\n            <input name=\"dogum_yeri\" id=\"pdb-dogum_yeri-2\" class=\"required-field regular-text\" type=\"text\" value=\"\" \/>\n\n                        \n          <\/td>\n\n        <\/tr>\n  \n        \n        <tr class=\"dropdown-other ulke-input-group\">\n\n          <th for=\"pdb-ulke-2\">Ya\u015fad\u0131\u011f\u0131n\u0131z \u00fclke<span class=\"reqd\">*<\/span><\/th>\n\n          <td>\n\n            <div class=\"dropdown-other-control-group\">\n<select name=\"ulke\" id=\"pdb-ulke-2\" class=\"required-field otherselect\">\n<option value=\"\" selected=\"selected\">&nbsp;<\/option>\n<option value=\"Almanya\">Almanya<\/option>\n<option value=\"Avustralya\">Avustralya<\/option>\n<option value=\"Azerbaycan\">Azerbaycan<\/option>\n<option value=\"Bel&ccedil;ika\">Bel&ccedil;ika<\/option>\n<option value=\"Finlandiya\">Finlandiya<\/option>\n<option value=\"Fransa\">Fransa<\/option>\n<option value=\"Hollanda\">Hollanda<\/option>\n<option value=\"\u0130ngiltere\">\u0130ngiltere<\/option>\n<option value=\"\u0130spanya\">\u0130spanya<\/option>\n<option value=\"\u0130sve&ccedil;\">\u0130sve&ccedil;<\/option>\n<option value=\"\u0130svi&ccedil;re\">\u0130svi&ccedil;re<\/option>\n<option value=\"\u0130talya\">\u0130talya<\/option>\n<option value=\"Kanada\">Kanada<\/option>\n<option value=\"K\u0131br\u0131s\">K\u0131br\u0131s<\/option>\n<option value=\"Norve&ccedil;\">Norve&ccedil;<\/option>\n<option value=\"Rusya\">Rusya<\/option>\n<option value=\"S. Arabistan\">S. Arabistan<\/option>\n<option value=\"T&uuml;rkiye\">T&uuml;rkiye<\/option>\n<option value=\"USA\">USA<\/option>\n<option value=\"other\">other<\/option>\n<\/select>\n<input type=\"text\" name=\"ulke\" value=\"\" id=\"pdb-ulke-2_other\" class=\"required-field otherselect otherfield\">\n<\/div>\n\n                        <span class=\"helptext\">Cevap \u015f\u0131kk\u0131n\u0131z yoksa other (di\u011fer) bo\u015flu\u011funa yaz\u0131n\u0131z.<\/span>\n                        \n          <\/td>\n\n        <\/tr>\n  \n        \n        <tr class=\"text-line sehir-input-group\">\n\n          <th for=\"pdb-sehir-2\">Ya\u015fad\u0131\u011f\u0131n\u0131z \u015fehir<span class=\"reqd\">*<\/span><\/th>\n\n          <td>\n\n            <input name=\"sehir\" id=\"pdb-sehir-2\" class=\"required-field regular-text\" type=\"text\" value=\"\" \/>\n\n                        \n          <\/td>\n\n        <\/tr>\n  \n        \n        <tr class=\"dropdown evli-input-group\">\n\n          <th for=\"pdb-evli-2\">Evli misiniz?<span class=\"reqd\">*<\/span><\/th>\n\n          <td>\n\n            <select name=\"evli\" id=\"pdb-evli-2\" class=\"required-field\">\n<option value=\"\" selected=\"selected\">&nbsp;<\/option>\n<option value=\"Bekar\">Bekar<\/option>\n<option value=\"Evli\">Evli<\/option>\n<option value=\"Bo\u015fand\u0131m\">Bo\u015fand\u0131m<\/option>\n<\/select>\n\n                        \n          <\/td>\n\n        <\/tr>\n  \n        \n        <tr class=\"dropdown tahsil_durumu-input-group\">\n\n          <th for=\"pdb-tahsil_durumu-2\">Tahsil durumunuz<span class=\"reqd\">*<\/span><\/th>\n\n          <td>\n\n            <select name=\"tahsil_durumu\" id=\"pdb-tahsil_durumu-2\" class=\"required-field\">\n<option value=\"\" selected=\"selected\">&nbsp;<\/option>\n<option value=\"Yok\">Yok<\/option>\n<option value=\"\u0130lk\">\u0130lk<\/option>\n<option value=\"Orta\">Orta<\/option>\n<option value=\"Lise\">Lise<\/option>\n<option value=\"&Uuml;niversite\">&Uuml;niversite<\/option>\n<option value=\"Y&uuml;ksek lisans\">Y&uuml;ksek lisans<\/option>\n<option value=\"Doktora\">Doktora<\/option>\n<\/select>\n\n                        \n          <\/td>\n\n        <\/tr>\n  \n        \n        <tr class=\"text-line ogrenim_alani-input-group\">\n\n          <th for=\"pdb-ogrenim_alani-2\">\u00d6\u011frenim alan\u0131n\u0131z<span class=\"reqd\">*<\/span><\/th>\n\n          <td>\n\n            <input name=\"ogrenim_alani\" id=\"pdb-ogrenim_alani-2\" class=\"required-field regular-text\" type=\"text\" value=\"\" \/>\n\n                        \n          <\/td>\n\n        <\/tr>\n  \n        \n        <tr class=\"text-line meslek-input-group\">\n\n          <th for=\"pdb-meslek-2\">Mesle\u011finiz<span class=\"reqd\">*<\/span><\/th>\n\n          <td>\n\n            <input name=\"meslek\" id=\"pdb-meslek-2\" class=\"required-field regular-text\" type=\"text\" value=\"\" \/>\n\n                        \n          <\/td>\n\n        <\/tr>\n  \n        \n        <tr class=\"dropdown monoteist_yil-input-group\">\n\n          <th for=\"pdb-monoteist_yil-2\">Hangi y\u0131lda dininizi sadece Allah'a \u00f6zg\u00fclediniz?<span class=\"reqd\">*<\/span><\/th>\n\n          <td>\n\n            <select name=\"monoteist_yil\" id=\"pdb-monoteist_yil-2\" class=\"required-field\">\n<option value=\"\" selected=\"selected\">&nbsp;<\/option>\n<option value=\"2014\">2014<\/option>\n<option value=\"2013\">2013<\/option>\n<option value=\"2012\">2012<\/option>\n<option value=\"2011\">2011<\/option>\n<option value=\"2010\">2010<\/option>\n<option value=\"2009\">2009<\/option>\n<option value=\"2008\">2008<\/option>\n<option value=\"2006\">2006<\/option>\n<option value=\"2005\">2005<\/option>\n<option value=\"2004\">2004<\/option>\n<option value=\"2003\">2003<\/option>\n<option value=\"2002\">2002<\/option>\n<option value=\"2001\">2001<\/option>\n<option value=\"2000\">2000<\/option>\n<option value=\"1999\">1999<\/option>\n<option value=\"1998\">1998<\/option>\n<option value=\"1997\">1997<\/option>\n<option value=\"1996\">1996<\/option>\n<option value=\"1995\">1995<\/option>\n<option value=\"1994\">1994<\/option>\n<option value=\"1993\">1993<\/option>\n<option value=\"1992\">1992<\/option>\n<option value=\"1991\">1991<\/option>\n<option value=\"1990\">1990<\/option>\n<option value=\"1989\">1989<\/option>\n<option value=\"1988\">1988<\/option>\n<option value=\"1987\">1987<\/option>\n<option value=\"1986\">1986<\/option>\n<option value=\"1985\">1985<\/option>\n<option value=\"1984\">1984<\/option>\n<option value=\"1983\">1983<\/option>\n<option value=\"1982\">1982<\/option>\n<option value=\"1981\">1981<\/option>\n<option value=\"1980\">1980<\/option>\n<option value=\"1979\">1979<\/option>\n<option value=\"1978\">1978<\/option>\n<option value=\"1977\">1977<\/option>\n<option value=\"1976\">1976<\/option>\n<option value=\"1975\">1975<\/option>\n<option value=\"1974\">1974<\/option>\n<option value=\"1973\">1973<\/option>\n<option value=\"1972\">1972<\/option>\n<option value=\"1971\">1971<\/option>\n<option value=\"1970\">1970<\/option>\n<option value=\"1969\">1969<\/option>\n<option value=\"1968\">1968<\/option>\n<option value=\"1967\">1967<\/option>\n<option value=\"1966\">1966<\/option>\n<option value=\"1965\">1965<\/option>\n<option value=\"1964\">1964<\/option>\n<option value=\"1963\">1963<\/option>\n<option value=\"1962\">1962<\/option>\n<option value=\"1961\">1961<\/option>\n<option value=\"1960\">1960<\/option>\n<option value=\"1959\">1959<\/option>\n<option value=\"1958\">1958<\/option>\n<option value=\"1957\">1957<\/option>\n<option value=\"0000\">0000<\/option>\n<\/select>\n\n                        \n          <\/td>\n\n        <\/tr>\n  \n        \n        <tr class=\"dropdown-other cemaat-input-group\">\n\n          <th for=\"pdb-cemaat-2\">Daha \u00f6nce dini, ideolojik veya siyasi bir cemaat i\u00e7inde bulundunuzsa hangileri?<\/th>\n\n          <td>\n\n            <div class=\"dropdown-other-control-group\">\n<select name=\"cemaat\" id=\"pdb-cemaat-2\" class=\"otherselect\">\n<option value=\"\" selected=\"selected\">&nbsp;<\/option>\n<option value=\"Hay\u0131r\">Hay\u0131r<\/option>\n<option value=\"Selefi\">Selefi<\/option>\n<option value=\"Alevi\">Alevi<\/option>\n<option value=\"Ateist\">Ateist<\/option>\n<option value=\"Fethullah&ccedil;\u0131\">Fethullah&ccedil;\u0131<\/option>\n<option value=\"Nurcu\">Nurcu<\/option>\n<option value=\"Erbakanc\u0131\">Erbakanc\u0131<\/option>\n<option value=\"Adnanc\u0131\">Adnanc\u0131<\/option>\n<option value=\"&Uuml;lk&uuml;c&uuml;\">&Uuml;lk&uuml;c&uuml;<\/option>\n<option value=\"Nak\u015fi\">Nak\u015fi<\/option>\n<option value=\"Kadiri\">Kadiri<\/option>\n<option value=\"\u0130hvan\">\u0130hvan<\/option>\n<option value=\"Tahrir\">Tahrir<\/option>\n<option value=\"Spit&uuml;ralist\">Spit&uuml;ralist<\/option>\n<option value=\"other\">other<\/option>\n<\/select>\n<input type=\"text\" name=\"cemaat\" value=\"\" id=\"pdb-cemaat-2_other\" class=\"otherselect otherfield\">\n<\/div>\n\n                        \n          <\/td>\n\n        <\/tr>\n  \n        \n        <tr class=\"dropdown tevhid_aile-input-group\">\n\n          <th for=\"pdb-tevhid_aile-2\">Tevhid paradigmas\u0131n\u0131 se\u00e7menize ailenizin tepkisi ne oldu?<span class=\"reqd\">*<\/span><\/th>\n\n          <td>\n\n            <select name=\"tevhid_aile\" id=\"pdb-tevhid_aile-2\" class=\"required-field\">\n<option value=\"\" selected=\"selected\">&nbsp;<\/option>\n<option value=\"Sana ne\">Sana ne<\/option>\n<option value=\"Sevindiler\">Sevindiler<\/option>\n<option value=\"Umursamad\u0131lar\">Umursamad\u0131lar<\/option>\n<option value=\"Endi\u015felendiler\">Endi\u015felendiler<\/option>\n<option value=\"K\u0131zd\u0131lar\">K\u0131zd\u0131lar<\/option>\n<option value=\"Beni reddettiler\">Beni reddettiler<\/option>\n<\/select>\n\n                        \n          <\/td>\n\n        <\/tr>\n  \n        \n        <tr class=\"dropdown-other diller-input-group\">\n\n          <th for=\"pdb-diller-2\">T\u00fcrk\u00e7e d\u0131\u015f\u0131nda \u00e7ok iyi bildi\u011finiz ikinci dil<\/th>\n\n          <td>\n\n            <div class=\"dropdown-other-control-group\">\n<select name=\"diller\" id=\"pdb-diller-2\" class=\"otherselect\">\n<option value=\"\" selected=\"selected\">&nbsp;<\/option>\n<option value=\"Yok\">Yok<\/option>\n<option value=\"Almanca\">Almanca<\/option>\n<option value=\"Arap&ccedil;a\">Arap&ccedil;a<\/option>\n<option value=\"&Ccedil;ince\">&Ccedil;ince<\/option>\n<option value=\"Fars&ccedil;a\">Fars&ccedil;a<\/option>\n<option value=\"Fethullah&ccedil;a\">Fethullah&ccedil;a<\/option>\n<option value=\"Frans\u0131zca\">Frans\u0131zca<\/option>\n<option value=\"\u0130ngilizce\">\u0130ngilizce<\/option>\n<option value=\"\u0130spanyolca\">\u0130spanyolca<\/option>\n<option value=\"\u0130talyanca\">\u0130talyanca<\/option>\n<option value=\"K&uuml;rt&ccedil;e\">K&uuml;rt&ccedil;e<\/option>\n<option value=\"Rus&ccedil;a\">Rus&ccedil;a<\/option>\n<option value=\"other\">other<\/option>\n<\/select>\n<input type=\"text\" name=\"diller\" value=\"\" id=\"pdb-diller-2_other\" class=\"otherselect otherfield\">\n<\/div>\n\n                        \n          <\/td>\n\n        <\/tr>\n  \n        \n        <tr class=\"text-line calismalara_katki-input-group\">\n\n          <th for=\"pdb-calismalara_katki-2\">3:200 ayeti gere\u011fince, tevhidi \u00f6zg\u00fcrl\u00fck, bar\u0131\u015f, adalet, ve erdemli eylemleri desteklemek i\u00e7in tart\u0131\u015fma ve reform \u00e7al\u0131\u015fmalar\u0131na nas\u0131l katk\u0131larda bulunabilirsiniz?<span class=\"reqd\">*<\/span><\/th>\n\n          <td>\n\n            <input name=\"calismalara_katki\" id=\"pdb-calismalara_katki-2\" class=\"required-field regular-text\" type=\"text\" value=\"\" \/>\n\n                        <span class=\"helptext\">\u00c7ok k\u0131sa... Sadece birka\u00e7 kelime ile.<\/span>\n                        \n          <\/td>\n\n        <\/tr>\n  \n        \n        <tr class=\"text-line video_mesaj-input-group\">\n\n          <th for=\"pdb-video_mesaj-2\">Bir yere video mesaj y\u00fckleyebilme imkan\u0131n\u0131z varsa maksimum 5 dakikada kendinizi tan\u0131tt\u0131\u011f\u0131n\u0131z, m\u00fczik ve grafik gibi hobi ve yeteneklerinizden s\u00f6z etti\u011finiz, \u00f6nerilerinizi ve ele\u015ftirilerinizi i\u00e7eren bir videonun linki<\/th>\n\n          <td>\n\n            <input name=\"video_mesaj\" id=\"pdb-video_mesaj-2\" class=\" regular-text\" type=\"text\" value=\"\" \/>\n\n                        \n          <\/td>\n\n        <\/tr>\n  \n        \n        <tr class=\"dropdown mucizeyi_arastirdi-input-group\">\n\n          <th for=\"pdb-mucizeyi_arastirdi-2\">Kuran'\u0131n 19 kodlu matematiksel mucizesini inceleyip ara\u015ft\u0131rd\u0131n\u0131z m\u0131?<span class=\"reqd\">*<\/span><\/th>\n\n          <td>\n\n            <select name=\"mucizeyi_arastirdi\" id=\"pdb-mucizeyi_arastirdi-2\" class=\"required-field\">\n<option value=\"\" selected=\"selected\">&nbsp;<\/option>\n<option value=\"Evet. 74:30-74:37 ve 83:21 ayetlerine tan\u0131k oldum.\">Evet. 74:30-74:37 ve 83:21 ayetlerine tan\u0131k oldum.<\/option>\n<option value=\"Daha da incelemek istiyorum.\">Daha da incelemek istiyorum.<\/option>\n<option value=\"\u0130lgimi &ccedil;ekiyor; ancak 9:128-129 beni durduruyor.\">\u0130lgimi &ccedil;ekiyor; ancak 9:128-129 beni durduruyor.<\/option>\n<option value=\"Hay\u0131r 19 da ne?\">Hay\u0131r 19 da ne?<\/option>\n<option value=\"Kuran&#039;da 19&#039;lu bir matematiksel sistem yoktur; olamaz.\">Kuran&#039;da 19&#039;lu bir matematiksel sistem yoktur; olamaz.<\/option>\n<\/select>\n\n                        \n          <\/td>\n\n        <\/tr>\n  \n        \n        <tr class=\"captcha captcha-input-group\">\n\n          <th for=\"pdb-captcha-2\">\u0130nsan oldu\u011funuzu ispatlay\u0131n<span class=\"reqd\">*<\/span><\/th>\n\n          <td>\n\n            <input name=\"captcha[]\" type=\"hidden\" value=\"%7B%22type%22%3A%22math%22%2C%22nonce%22%3A%22V0%5Cu0002%7BLS%22%2C%22info%22%3A%7B%22a%22%3A1%2C%22o%22%3A%22%2B%22%2C%22b%22%3A10%7D%7D\" \/>\n\n<span class=\"math-captcha\">1 <span class=\"pdb-operator\">+<\/span> 10 <span class=\"pdb-operator\">=<\/span> ?<\/span><input name=\"captcha[]\" type=\"text\" value=\"\" \/>\n\n\n                        <span class=\"helptext\">Ba\u015fvurunuzun al\u0131nmas\u0131 i\u00e7in bu soruya do\u011fru cevap vermeniz gerekli. Bunun sebebi otomatik programlarla bu formun binlerce kere doldurulmas\u0131n\u0131 engellemek.<\/span>\n                        \n          <\/td>\n\n        <\/tr>\n  \n                \n        <\/tbody>\n\n      \n      <tbody class=\"field-group field-group-personal\">\n        \n                <tr class=\"signup-group\">\n          <td colspan=\"2\">\n            \n            <h3 class=\"pdb-group-title\">Personal Info group<\/h3>            \n          <\/td>\n        <\/tr>\n        \n        \n        <tr class=\"image-upload photo-input-group\">\n\n          <th for=\"pdb-photo-2\">Photo<\/th>\n\n          <td>\n\n            <div class=\"pdb-upload\">\n<input name=\"MAX_FILE_SIZE\" type=\"hidden\" value=\"26214400\" \/>\n\n<input name=\"photo\" type=\"hidden\" value=\"\" \/>\n\n<input name=\"photo\" id=\"pdb-photo-2\" type=\"file\" value=\"\" \/>\n<\/div>\n\n                        <span class=\"helptext\">Upload a photo of yourself. 300 pixels maximum width or height.<\/span>\n                        \n          <\/td>\n\n        <\/tr>\n  \n        \n        <tr class=\"multi-select-other interests-input-group\">\n\n          <th for=\"pdb-interests-2\">Interests or Hobbies<\/th>\n\n          <td>\n\n            <div class=\"selectother checkbox-other-control-group\">\n<input name=\"interests[]\" id=\"pdb-interests-2-default\" type=\"hidden\" value=\"\" \/>\n<div class=\"checkbox-group\">\n<fieldset class=\"no-border\">\n<legend class=\"screen-reader-text\">Interests or Hobbies<\/legend>\n<label>\n<input name=\"interests[]\" id=\"pdb-interests-sports-2\" type=\"checkbox\" value=\"sports\" \/>\nsports<\/label>\n<label>\n<input name=\"interests[]\" id=\"pdb-interests-photography-2\" type=\"checkbox\" value=\"photography\" \/>\nphotography<\/label>\n<label>\n<input name=\"interests[]\" id=\"pdb-interests-crafts-2\" type=\"checkbox\" value=\"crafts\" \/>\ncrafts<\/label>\n<label>\n<input name=\"interests[]\" id=\"pdb-interests-outdoors-2\" type=\"checkbox\" value=\"outdoors\" \/>\noutdoors<\/label>\n<label>\n<input name=\"interests[]\" id=\"pdb-interests-yoga-2\" type=\"checkbox\" value=\"yoga\" \/>\nyoga<\/label>\n<div class=\"othercontrol\">\n<label>\n<input type=\"checkbox\" name=\"pdb-otherselector\" value=\"other\" id=\"pdb-interests-2_otherselect\" class=\"otherselect\" \/>\nother:\n<\/label>\n<input type=\"text\" name=\"interests[other]\" value=\"\" id=\"pdb-interests-2_other\" class=\"otherfield\" \/>\n<\/div><!-- .othercontrol -->\n<\/fieldset><!-- .no-border --><\/div><!-- .checkbox-group -->\n<\/div><!-- .checkbox-other-control-group -->\n\n                        \n          <\/td>\n\n        <\/tr>\n  \n                \n        <\/tbody>\n\n            \n        <tbody class=\"field-group field-group-submit\">\n      \n        <tr>\n          <td class=\"submit-buttons\">\n            \n           <input name=\"submit_button\" class=\"button-primary pdb-submit\" type=\"submit\" value=\"Kay\u0131t Ol (E-posta gelecek)\" \/>\n            \n          <\/td>\n          <td class=\"submit-buttons\">\n            \n                      \n          <\/td>\n        <\/tr>\n        \n      <\/tbody>\n      \n    <\/table>\n    \n  <\/form>  \n<\/div>\n","protected":false},"excerpt":{"rendered":"","protected":false},"author":1,"featured_media":0,"parent":0,"menu_order":4050,"comment_status":"closed","ping_status":"open","template":"","meta":{"_acf_changed":false,"_monsterinsights_skip_tracking":false,"_monsterinsights_sitenote_active":false,"_monsterinsights_sitenote_note":"","_monsterinsights_sitenote_category":0,"footnotes":""},"class_list":["post-6345","page","type-page","status-publish","hentry"],"acf":[],"_links":{"self":[{"href":"https:\/\/19.org\/tr\/wp-json\/wp\/v2\/pages\/6345","targetHints":{"allow":["GET"]}}],"collection":[{"href":"https:\/\/19.org\/tr\/wp-json\/wp\/v2\/pages"}],"about":[{"href":"https:\/\/19.org\/tr\/wp-json\/wp\/v2\/types\/page"}],"author":[{"embeddable":true,"href":"https:\/\/19.org\/tr\/wp-json\/wp\/v2\/users\/1"}],"replies":[{"embeddable":true,"href":"https:\/\/19.org\/tr\/wp-json\/wp\/v2\/comments?post=6345"}],"version-history":[{"count":1,"href":"https:\/\/19.org\/tr\/wp-json\/wp\/v2\/pages\/6345\/revisions"}],"predecessor-version":[{"id":6346,"href":"https:\/\/19.org\/tr\/wp-json\/wp\/v2\/pages\/6345\/revisions\/6346"}],"wp:attachment":[{"href":"https:\/\/19.org\/tr\/wp-json\/wp\/v2\/media?parent=6345"}],"curies":[{"name":"wp","href":"https:\/\/api.w.org\/{rel}","templated":true}]}}